{"id":2,"date":"2025-11-21T05:59:44","date_gmt":"2025-11-21T05:59:44","guid":{"rendered":"https:\/\/mediconumerouno.mx\/?page_id=2"},"modified":"2025-11-21T17:24:48","modified_gmt":"2025-11-21T17:24:48","slug":"sample-page","status":"publish","type":"page","link":"https:\/\/mediconumerouno.mx\/","title":{"rendered":"Bienvenido a Radiant Health &amp; Beauty"},"content":{"rendered":"\n<p>En Medico Numero Uno, tu bienestar es nuestra prioridad. Nuestra cl\u00ednica, dirigida por m\u00e9dicos, garantiza que cada tratamiento se realice con la m\u00e1xima profesionalidad, un cuidado excepcional y resultados magn\u00edficos. Tanto si deseas realzar tu luminosidad natural como si buscas cuidar la salud de tu piel a largo plazo, estar\u00e1s en manos expertas y seguras.<\/p>\n\n\n\n<p><strong>Nuestros tratamientos m\u00e1s populares:<\/strong><\/p>\n\n\n\n<p>Inyecciones antiarrugas: suavizan las l\u00edneas de expresi\u00f3n para una apariencia fresca y natural.<\/p>\n\n\n\n<p>\u2728\ud83d\udc89\ud83d\ude42 Rellenos d\u00e9rmicos: restauran el volumen y realzan el contorno facial.<\/p>\n\n\n\n<p> \ud83d\udca7\u2728\ud83d\ude0a Faciales de grado m\u00e9dico: mejoran la textura, la claridad y la luminosidad.<\/p>\n\n\n\n<p>\ud83e\uddd6\u200d\u2640\ufe0f\ud83c\udf3f\u2728 Depilaci\u00f3n l\u00e1ser: suavidad duradera para todo tipo de piel.<\/p>\n\n\n\n<p>\u26a1\ud83e\ude92\ud83d\udeab Terapia de rejuvenecimiento facial: tratamientos avanzados para estimular el col\u00e1geno y la vitalidad.<\/p>\n\n\n\n<p>Descubre un lugar donde la ciencia se une a la belleza, y donde cada tratamiento se personaliza exclusivamente para ti. Si\u00e9ntete segura. Si\u00e9ntete radiante.<\/p>\n\n\n\n<blockquote class=\"wp-block-quote is-layout-flow wp-block-quote-is-layout-flow\">\n<p>Llame hoy para reservar su consulta. 664-680-2910<\/p>\n<\/blockquote>\n\n\n\n<iframe src=\"https:\/\/www.google.com\/maps\/embed?pb=!1m18!1m12!1m3!1d17925.51523510774!2d-117.14107395417258!3d32.517610743072!2m3!1f0!2f0!3f0!3m2!1i1024!2i768!4f13.1!3m3!1m2!1s0x80d94bd7e242f9a1%3A0x92be27c3cba67b71!2sMedico%20Numero%20Uno!5e1!3m2!1sen!2sus!4v1763745834802!5m2!1sen!2sus\" width=\"600\" height=\"450\" style=\"border:0;\" allowfullscreen=\"\" loading=\"lazy\" referrerpolicy=\"no-referrer-when-downgrade\"><\/iframe>\n","protected":false},"excerpt":{"rendered":"<p>En Medico Numero Uno, tu bienestar es nuestra prioridad. Nuestra cl\u00ednica, dirigida por m\u00e9dicos, garantiza que cada tratamiento se realice con la m\u00e1xima profesionalidad, un cuidado excepcional y resultados magn\u00edficos. Tanto si deseas realzar tu luminosidad natural como si buscas cuidar la salud de tu piel a largo plazo, estar\u00e1s en manos expertas y seguras. &hellip;<\/p>\n","protected":false},"author":1,"featured_media":0,"parent":0,"menu_order":0,"comment_status":"closed","ping_status":"open","template":"","meta":{"_genesis_block_theme_hide_title":false,"footnotes":""},"class_list":["post-2","page","type-page","status-publish","hentry","post","without-featured-image"],"featured_image_src":null,"featured_image_src_square":null,"_links":{"self":[{"href":"https:\/\/mediconumerouno.mx\/index.php?rest_route=\/wp\/v2\/pages\/2","targetHints":{"allow":["GET"]}}],"collection":[{"href":"https:\/\/mediconumerouno.mx\/index.php?rest_route=\/wp\/v2\/pages"}],"about":[{"href":"https:\/\/mediconumerouno.mx\/index.php?rest_route=\/wp\/v2\/types\/page"}],"author":[{"embeddable":true,"href":"https:\/\/mediconumerouno.mx\/index.php?rest_route=\/wp\/v2\/users\/1"}],"replies":[{"embeddable":true,"href":"https:\/\/mediconumerouno.mx\/index.php?rest_route=%2Fwp%2Fv2%2Fcomments&post=2"}],"version-history":[{"count":0,"href":"https:\/\/mediconumerouno.mx\/index.php?rest_route=\/wp\/v2\/pages\/2\/revisions"}],"wp:attachment":[{"href":"https:\/\/mediconumerouno.mx\/index.php?rest_route=%2Fwp%2Fv2%2Fmedia&parent=2"}],"curies":[{"name":"wp","href":"https:\/\/api.w.org\/{rel}","templated":true}]}}